{"id":2921,"date":"2025-08-12T06:11:37","date_gmt":"2025-08-12T06:11:37","guid":{"rendered":"https:\/\/sumitrix.com\/index.php\/producto\/network-management-card-for-easy-ups\/"},"modified":"2025-08-12T06:11:37","modified_gmt":"2025-08-12T06:11:37","slug":"network-management-card-for-easy-ups","status":"publish","type":"product","link":"https:\/\/sumitrix.com\/index.php\/producto\/network-management-card-for-easy-ups\/","title":{"rendered":"Network Management Card for Easy UPS"},"content":{"rendered":"<p><strong>Network Management Card for Easy UPS<\/strong><\/p>\n<p>\u00a0<\/p>\n<p>La tarjeta de gesti\u00f3n de redes 3 para Easy UPS On-Line permite el monitoreo y la administraci\u00f3n remotos, esenciales y seguros de un Easy UPS On-Line UPS, lo que te brinda visibilidad de misi\u00f3n cr\u00edtica. El procesador de alta velocidad proporciona una experiencia r\u00e1pida y potente que ofrece conectividad Gigabit Ethernet e inicios de sesi\u00f3n simult\u00e1neos de varios usuarios en la interfaz de usuario web f\u00e1cil de usar o en la interfaz de l\u00ednea de comandos. Toma acciones proactivas y soluciona problemas f\u00e1cilmente con datos detallados y registro de eventos para una resoluci\u00f3n oportuna. La tecnolog\u00eda y las funciones avanzadas mantienen los datos confidenciales protegidos con el cumplimiento de seguridad m\u00e1s reciente y de primer nivel. La tarjeta de gesti\u00f3n de redes incluye una suscripci\u00f3n de 1 a\u00f1o a la tarjeta de gesti\u00f3n de red segura, que proporciona acceso al firmware m\u00e1s reciente para garantizar la infraestructura de TI m\u00e1s resistente, segura y sostenible. Se integra con TI de Ecostruxure para una administraci\u00f3n eficiente de su equipo, PowerChute Network Shutdown para un apagado sin inconvenientes, inicio desatendido y opciones de migraci\u00f3n de m\u00e1quinas virtuales para evitar desastres y la continuidad del negocio, y con otros sistemas habilitados para SNMP.<\/p>\n<p>\u00a0<\/p>\n<p><strong><a href=\"https:\/\/drive.google.com\/file\/d\/1TFfFGHWAXsfTJDuBmyvyGAxzVsTCfly6\/view?usp=drive_link\" target=\"_blank\">FICHA T\u00c9CNICA<\/a><\/strong><\/p>\n","protected":false},"excerpt":{"rendered":"<p>Network Management Card for Easy UPS \u00a0 La tarjeta de gesti\u00f3n de redes 3 para Easy UPS On-Line permite el monitoreo y la administraci\u00f3n remotos, esenciales y seguros de un Easy UPS On-Line UPS, lo que te brinda visibilidad de misi\u00f3n cr\u00edtica. El procesador de alta velocidad proporciona una experiencia r\u00e1pida y potente que ofrece [&hellip;]<\/p>\n","protected":false},"featured_media":2920,"comment_status":"open","ping_status":"closed","template":"","meta":[],"product_brand":[],"product_cat":[125],"product_tag":[],"class_list":{"0":"post-2921","1":"product","2":"type-product","3":"status-publish","4":"has-post-thumbnail","6":"product_cat-proteccion-electrica-proteccion-electrica-2","8":"first","9":"instock","10":"shipping-taxable","11":"purchasable","12":"product-type-simple"},"jetpack_sharing_enabled":true,"_links":{"self":[{"href":"https:\/\/sumitrix.com\/index.php\/wp-json\/wp\/v2\/product\/2921","targetHints":{"allow":["GET"]}}],"collection":[{"href":"https:\/\/sumitrix.com\/index.php\/wp-json\/wp\/v2\/product"}],"about":[{"href":"https:\/\/sumitrix.com\/index.php\/wp-json\/wp\/v2\/types\/product"}],"replies":[{"embeddable":true,"href":"https:\/\/sumitrix.com\/index.php\/wp-json\/wp\/v2\/comments?post=2921"}],"wp:featuredmedia":[{"embeddable":true,"href":"https:\/\/sumitrix.com\/index.php\/wp-json\/wp\/v2\/media\/2920"}],"wp:attachment":[{"href":"https:\/\/sumitrix.com\/index.php\/wp-json\/wp\/v2\/media?parent=2921"}],"wp:term":[{"taxonomy":"product_brand","embeddable":true,"href":"https:\/\/sumitrix.com\/index.php\/wp-json\/wp\/v2\/product_brand?post=2921"},{"taxonomy":"product_cat","embeddable":true,"href":"https:\/\/sumitrix.com\/index.php\/wp-json\/wp\/v2\/product_cat?post=2921"},{"taxonomy":"product_tag","embeddable":true,"href":"https:\/\/sumitrix.com\/index.php\/wp-json\/wp\/v2\/product_tag?post=2921"}],"curies":[{"name":"wp","href":"https:\/\/api.w.org\/{rel}","templated":true}]}}