{"id":2875,"date":"2025-08-12T06:10:22","date_gmt":"2025-08-12T06:10:22","guid":{"rendered":"https:\/\/sumitrix.com\/index.php\/producto\/solo-web-prom_web_101\/"},"modified":"2025-08-12T06:10:22","modified_gmt":"2025-08-12T06:10:22","slug":"solo-web-prom_web_101","status":"publish","type":"product","link":"https:\/\/sumitrix.com\/index.php\/producto\/solo-web-prom_web_101\/","title":{"rendered":"SOLO WEB PROM_WEB_10+1"},"content":{"rendered":"<p><strong>SOLO WEB PROM_WEB_10+1<\/strong><\/p>\n<p>\u00a0<\/p>\n<p>Esta promoci\u00f3n especial est\u00e1 pensada para quienes desean adquirir m\u00faltiples unidades de UPS o equipos relacionados, asegurando protecci\u00f3n el\u00e9ctrica para varios espacios a la vez. Ideal para peque\u00f1as empresas, instituciones educativas o distribuidores, incluye un bono adicional que incrementa el valor de la inversi\u00f3n. Ofrece una oportunidad conveniente para obtener equipos confiables con beneficios adicionales, facilitando la cobertura energ\u00e9tica en diversas \u00e1reas.<\/p>\n<p>\u00a0<\/p>\n<p><strong><a href=\"https:\/\/drive.google.com\/file\/d\/1I0Fa6KY-Fd4N-eT5ejH-wUyChogm_EBv\/view?usp=drive_link\" target=\"_blank\">FICHA T\u00c9CNICA<\/a><\/strong><\/p>\n","protected":false},"excerpt":{"rendered":"<p>SOLO WEB PROM_WEB_10+1 \u00a0 Esta promoci\u00f3n especial est\u00e1 pensada para quienes desean adquirir m\u00faltiples unidades de UPS o equipos relacionados, asegurando protecci\u00f3n el\u00e9ctrica para varios espacios a la vez. Ideal para peque\u00f1as empresas, instituciones educativas o distribuidores, incluye un bono adicional que incrementa el valor de la inversi\u00f3n. Ofrece una oportunidad conveniente para obtener equipos [&hellip;]<\/p>\n","protected":false},"featured_media":2874,"comment_status":"open","ping_status":"closed","template":"","meta":[],"product_brand":[],"product_cat":[123],"product_tag":[],"class_list":{"0":"post-2875","1":"product","2":"type-product","3":"status-publish","4":"has-post-thumbnail","6":"product_cat-proteccion-electrica","8":"first","9":"instock","10":"shipping-taxable","11":"purchasable","12":"product-type-simple"},"jetpack_sharing_enabled":true,"_links":{"self":[{"href":"https:\/\/sumitrix.com\/index.php\/wp-json\/wp\/v2\/product\/2875","targetHints":{"allow":["GET"]}}],"collection":[{"href":"https:\/\/sumitrix.com\/index.php\/wp-json\/wp\/v2\/product"}],"about":[{"href":"https:\/\/sumitrix.com\/index.php\/wp-json\/wp\/v2\/types\/product"}],"replies":[{"embeddable":true,"href":"https:\/\/sumitrix.com\/index.php\/wp-json\/wp\/v2\/comments?post=2875"}],"wp:featuredmedia":[{"embeddable":true,"href":"https:\/\/sumitrix.com\/index.php\/wp-json\/wp\/v2\/media\/2874"}],"wp:attachment":[{"href":"https:\/\/sumitrix.com\/index.php\/wp-json\/wp\/v2\/media?parent=2875"}],"wp:term":[{"taxonomy":"product_brand","embeddable":true,"href":"https:\/\/sumitrix.com\/index.php\/wp-json\/wp\/v2\/product_brand?post=2875"},{"taxonomy":"product_cat","embeddable":true,"href":"https:\/\/sumitrix.com\/index.php\/wp-json\/wp\/v2\/product_cat?post=2875"},{"taxonomy":"product_tag","embeddable":true,"href":"https:\/\/sumitrix.com\/index.php\/wp-json\/wp\/v2\/product_tag?post=2875"}],"curies":[{"name":"wp","href":"https:\/\/api.w.org\/{rel}","templated":true}]}}