{"id":2873,"date":"2025-08-12T06:10:18","date_gmt":"2025-08-12T06:10:18","guid":{"rendered":"https:\/\/sumitrix.com\/index.php\/producto\/eaton-ats-30a-2-x-hw-input-terminals-hw\/"},"modified":"2025-08-12T06:10:19","modified_gmt":"2025-08-12T06:10:19","slug":"eaton-ats-30a-2-x-hw-input-terminals-hw","status":"publish","type":"product","link":"https:\/\/sumitrix.com\/index.php\/producto\/eaton-ats-30a-2-x-hw-input-terminals-hw\/","title":{"rendered":"EATON ATS 30A 2 X HW INPUT TERMINALS HW"},"content":{"rendered":"<p><strong>EATON ATS 30A 2 X HW INPUT TERMINALS HW<\/strong><\/p>\n<p>\u00a0<\/p>\n<p>Este conmutador autom\u00e1tico de transferencia (ATS) permite cambiar entre dos fuentes de energ\u00eda de forma fluida, asegurando que los equipos conectados nunca queden sin alimentaci\u00f3n. Dise\u00f1ado para brindar redundancia el\u00e9ctrica, es ideal para equipos cr\u00edticos como servidores, switches o routers. En caso de que una fuente de energ\u00eda falle, el cambio a la segunda se realiza sin interrupci\u00f3n perceptible, garantizando una operaci\u00f3n continua y fiable en entornos exigentes.<\/p>\n<p>\u00a0<\/p>\n<p><strong><a href=\"https:\/\/drive.google.com\/file\/d\/1kqfVW-3wXVWAjSoJHoWhqBZV1u8q0tGq\/view?usp=drive_link\" target=\"_blank\">FICHA T\u00c9CNICA<\/a><\/strong><\/p>\n","protected":false},"excerpt":{"rendered":"<p>EATON ATS 30A 2 X HW INPUT TERMINALS HW \u00a0 Este conmutador autom\u00e1tico de transferencia (ATS) permite cambiar entre dos fuentes de energ\u00eda de forma fluida, asegurando que los equipos conectados nunca queden sin alimentaci\u00f3n. Dise\u00f1ado para brindar redundancia el\u00e9ctrica, es ideal para equipos cr\u00edticos como servidores, switches o routers. En caso de que una [&hellip;]<\/p>\n","protected":false},"featured_media":2872,"comment_status":"open","ping_status":"closed","template":"","meta":[],"product_brand":[],"product_cat":[123],"product_tag":[],"class_list":{"0":"post-2873","1":"product","2":"type-product","3":"status-publish","4":"has-post-thumbnail","6":"product_cat-proteccion-electrica","8":"first","9":"instock","10":"shipping-taxable","11":"purchasable","12":"product-type-simple"},"jetpack_sharing_enabled":true,"_links":{"self":[{"href":"https:\/\/sumitrix.com\/index.php\/wp-json\/wp\/v2\/product\/2873","targetHints":{"allow":["GET"]}}],"collection":[{"href":"https:\/\/sumitrix.com\/index.php\/wp-json\/wp\/v2\/product"}],"about":[{"href":"https:\/\/sumitrix.com\/index.php\/wp-json\/wp\/v2\/types\/product"}],"replies":[{"embeddable":true,"href":"https:\/\/sumitrix.com\/index.php\/wp-json\/wp\/v2\/comments?post=2873"}],"wp:featuredmedia":[{"embeddable":true,"href":"https:\/\/sumitrix.com\/index.php\/wp-json\/wp\/v2\/media\/2872"}],"wp:attachment":[{"href":"https:\/\/sumitrix.com\/index.php\/wp-json\/wp\/v2\/media?parent=2873"}],"wp:term":[{"taxonomy":"product_brand","embeddable":true,"href":"https:\/\/sumitrix.com\/index.php\/wp-json\/wp\/v2\/product_brand?post=2873"},{"taxonomy":"product_cat","embeddable":true,"href":"https:\/\/sumitrix.com\/index.php\/wp-json\/wp\/v2\/product_cat?post=2873"},{"taxonomy":"product_tag","embeddable":true,"href":"https:\/\/sumitrix.com\/index.php\/wp-json\/wp\/v2\/product_tag?post=2873"}],"curies":[{"name":"wp","href":"https:\/\/api.w.org\/{rel}","templated":true}]}}