{"id":2865,"date":"2025-08-12T06:10:03","date_gmt":"2025-08-12T06:10:03","guid":{"rendered":"https:\/\/sumitrix.com\/index.php\/producto\/apc-smart-ups-rv-3000va-230v\/"},"modified":"2025-08-12T06:10:03","modified_gmt":"2025-08-12T06:10:03","slug":"apc-smart-ups-rv-3000va-230v","status":"publish","type":"product","link":"https:\/\/sumitrix.com\/index.php\/producto\/apc-smart-ups-rv-3000va-230v\/","title":{"rendered":"APC SMART-UPS RV 3000VA 230V"},"content":{"rendered":"<p><strong>APC SMART-UPS RV 3000VA 230V<\/strong><\/p>\n<p>\u00a0<\/p>\n<p>Este SAI Easy UPS monof\u00e1sico de APC est\u00e1 dise\u00f1ado para que los profesionales de TI o los administradores de red mantengan el tiempo de actividad y la continuidad del negocio. Este SAI en torre de doble conversi\u00f3n on-line de 3 kVA proporciona alimentaci\u00f3n de onda sinusoidal pura para equipos electr\u00f3nicos cr\u00edticos durante interrupciones del suministro. El SRV viene con entrada IEC 320 C20, 6x IEC 320 C13 y 1x enchufes IEC 320 C19. El SAI en l\u00ednea tiene una ranura de tarjeta inteligente para la tarjeta de administraci\u00f3n de red opcional (AP9544, SRVSMB001, VGL9601l) que permite la supervisi\u00f3n y administraci\u00f3n de SAI basadas en red. El SAI puede conectarse a EcoStruxure IT o a plataformas de gesti\u00f3n centralizada de otros fabricantes. La derivaci\u00f3n autom\u00e1tica y manual integrada proporciona alimentaci\u00f3n fluida a la carga incluso en el caso de que se detecte un fallo o error interno en el SAI. El SAI SRV es compatible con el cartucho de bater\u00eda de reemplazo APCRBCV205. Easy UPS y la bater\u00eda de plomo-\u00e1cido incorporada tienen una garant\u00eda de 2 a\u00f1os. Ideal para centros de datos peque\u00f1os, instalaciones de fabricaci\u00f3n, salas de ordenadores, dispositivos de almacenamiento en red, telecomunicaciones y TI para hospitales.<\/p>\n<p>\u00a0<\/p>\n<p><strong>Caracter\u00edstica<\/strong><\/p>\n<ul>\n<li>La capacidad de carga de 3 kVA proporciona suficiente respaldo durante los cortes de energ\u00eda<\/li>\n<li>Evite la p\u00e9rdida de datos cr\u00edticos manteniendo la alimentaci\u00f3n durante un apag\u00f3n con una capacidad de carga de hasta 2,40 kW.<\/li>\n<\/ul>\n<p>\u00a0<\/p>\n<p><strong><a href=\"https:\/\/drive.google.com\/file\/d\/1Y_g5UDi-P-63za4zzCY0sG4eyzccJNkq\/view?usp=drive_link\" target=\"_blank\">FICHA T\u00c9CNICA<\/a><\/strong><\/p>\n","protected":false},"excerpt":{"rendered":"<p>APC SMART-UPS RV 3000VA 230V \u00a0 Este SAI Easy UPS monof\u00e1sico de APC est\u00e1 dise\u00f1ado para que los profesionales de TI o los administradores de red mantengan el tiempo de actividad y la continuidad del negocio. Este SAI en torre de doble conversi\u00f3n on-line de 3 kVA proporciona alimentaci\u00f3n de onda sinusoidal pura para equipos [&hellip;]<\/p>\n","protected":false},"featured_media":2864,"comment_status":"open","ping_status":"closed","template":"","meta":[],"product_brand":[],"product_cat":[123],"product_tag":[],"class_list":{"0":"post-2865","1":"product","2":"type-product","3":"status-publish","4":"has-post-thumbnail","6":"product_cat-proteccion-electrica","8":"first","9":"instock","10":"shipping-taxable","11":"purchasable","12":"product-type-simple"},"jetpack_sharing_enabled":true,"_links":{"self":[{"href":"https:\/\/sumitrix.com\/index.php\/wp-json\/wp\/v2\/product\/2865","targetHints":{"allow":["GET"]}}],"collection":[{"href":"https:\/\/sumitrix.com\/index.php\/wp-json\/wp\/v2\/product"}],"about":[{"href":"https:\/\/sumitrix.com\/index.php\/wp-json\/wp\/v2\/types\/product"}],"replies":[{"embeddable":true,"href":"https:\/\/sumitrix.com\/index.php\/wp-json\/wp\/v2\/comments?post=2865"}],"wp:featuredmedia":[{"embeddable":true,"href":"https:\/\/sumitrix.com\/index.php\/wp-json\/wp\/v2\/media\/2864"}],"wp:attachment":[{"href":"https:\/\/sumitrix.com\/index.php\/wp-json\/wp\/v2\/media?parent=2865"}],"wp:term":[{"taxonomy":"product_brand","embeddable":true,"href":"https:\/\/sumitrix.com\/index.php\/wp-json\/wp\/v2\/product_brand?post=2865"},{"taxonomy":"product_cat","embeddable":true,"href":"https:\/\/sumitrix.com\/index.php\/wp-json\/wp\/v2\/product_cat?post=2865"},{"taxonomy":"product_tag","embeddable":true,"href":"https:\/\/sumitrix.com\/index.php\/wp-json\/wp\/v2\/product_tag?post=2865"}],"curies":[{"name":"wp","href":"https:\/\/api.w.org\/{rel}","templated":true}]}}