{"id":2859,"date":"2025-08-12T06:09:48","date_gmt":"2025-08-12T06:09:48","guid":{"rendered":"https:\/\/sumitrix.com\/index.php\/producto\/apc-smart-ups-rv-6000va-230v\/"},"modified":"2025-08-12T06:09:48","modified_gmt":"2025-08-12T06:09:48","slug":"apc-smart-ups-rv-6000va-230v","status":"publish","type":"product","link":"https:\/\/sumitrix.com\/index.php\/producto\/apc-smart-ups-rv-6000va-230v\/","title":{"rendered":"APC SMART-UPS RV 6000VA 230V"},"content":{"rendered":"<p><strong>APC SMART-UPS RV 6000VA 230V<\/strong><\/p>\n<p>\u00a0<\/p>\n<p>Esta unidad UPS monof\u00e1sica Easy de APC est\u00e1 dise\u00f1ada para que los profesionales inform\u00e1ticos o los administradores de redes puedan mantener el tiempo productivo y la continuidad de los negocios. Esta UPS en torre de doble conversi\u00f3n en l\u00ednea de 6 kVA proporciona energ\u00eda de onda sinusoidal pura para respaldar los dispositivos electr\u00f3nicos cr\u00edticos durante las interrupciones de energ\u00eda. El SRV viene con entrada de cable duro de 3 hilos (1P+N+E) y salida de cable duro de 3 hilos (1P+N+E). El UPS en l\u00ednea cuenta con una ranura para tarjeta inteligente para la tarjeta de gesti\u00f3n de red opcional (AP9544, SRVSMB001, VGL9601l) que permite el monitoreo y la administraci\u00f3n de UPS basados en red. El UPS puede conectarse a EcoStruxure IT o a plataformas de administraci\u00f3n centralizada de terceros. La derivaci\u00f3n autom\u00e1tica y manual integrada proporciona alimentaci\u00f3n ininterrumpida a la carga, incluso en caso de que se detecte una falla o error interno en el UPS. El UPS Easy y la bater\u00eda de plomo-\u00e1cido integrada tienen una garant\u00eda de 2 a\u00f1os. Ideal para centros de datos peque\u00f1os, instalaciones de fabricaci\u00f3n, salas de c\u00f3mputo, dispositivos de almacenamiento de redes, telecomunicaciones y TI de atenci\u00f3n m\u00e9dica.<\/p>\n<p>\u00a0<\/p>\n<p><strong>Caracter\u00edstica<\/strong><\/p>\n<ul>\n<li>La capacidad de carga de 6 kVA proporciona suficiente energ\u00eda de reserva durante los cortes de suministro<\/li>\n<li>Capacidad de carga de 6 kW: energ\u00eda de reserva para sus valiosos aparatos electr\u00f3nicos<\/li>\n<li>Hasta 3,50 minutos de autonom\u00eda a plena carga para preservar los datos cr\u00edticos de las interrupciones por falta de suministro el\u00e9ctrico.<\/li>\n<\/ul>\n<p>\u00a0<\/p>\n<p><strong><a href=\"https:\/\/drive.google.com\/file\/d\/1ggmSDxl_D8snK3IKzLQaDErNqDTsESvB\/view?usp=drive_link\" target=\"_blank\">FICHA T\u00c9CNICA<\/a><\/strong><\/p>\n","protected":false},"excerpt":{"rendered":"<p>APC SMART-UPS RV 6000VA 230V \u00a0 Esta unidad UPS monof\u00e1sica Easy de APC est\u00e1 dise\u00f1ada para que los profesionales inform\u00e1ticos o los administradores de redes puedan mantener el tiempo productivo y la continuidad de los negocios. Esta UPS en torre de doble conversi\u00f3n en l\u00ednea de 6 kVA proporciona energ\u00eda de onda sinusoidal pura para [&hellip;]<\/p>\n","protected":false},"featured_media":2858,"comment_status":"open","ping_status":"closed","template":"","meta":[],"product_brand":[],"product_cat":[123],"product_tag":[],"class_list":{"0":"post-2859","1":"product","2":"type-product","3":"status-publish","4":"has-post-thumbnail","6":"product_cat-proteccion-electrica","8":"first","9":"instock","10":"shipping-taxable","11":"purchasable","12":"product-type-simple"},"jetpack_sharing_enabled":true,"_links":{"self":[{"href":"https:\/\/sumitrix.com\/index.php\/wp-json\/wp\/v2\/product\/2859","targetHints":{"allow":["GET"]}}],"collection":[{"href":"https:\/\/sumitrix.com\/index.php\/wp-json\/wp\/v2\/product"}],"about":[{"href":"https:\/\/sumitrix.com\/index.php\/wp-json\/wp\/v2\/types\/product"}],"replies":[{"embeddable":true,"href":"https:\/\/sumitrix.com\/index.php\/wp-json\/wp\/v2\/comments?post=2859"}],"wp:featuredmedia":[{"embeddable":true,"href":"https:\/\/sumitrix.com\/index.php\/wp-json\/wp\/v2\/media\/2858"}],"wp:attachment":[{"href":"https:\/\/sumitrix.com\/index.php\/wp-json\/wp\/v2\/media?parent=2859"}],"wp:term":[{"taxonomy":"product_brand","embeddable":true,"href":"https:\/\/sumitrix.com\/index.php\/wp-json\/wp\/v2\/product_brand?post=2859"},{"taxonomy":"product_cat","embeddable":true,"href":"https:\/\/sumitrix.com\/index.php\/wp-json\/wp\/v2\/product_cat?post=2859"},{"taxonomy":"product_tag","embeddable":true,"href":"https:\/\/sumitrix.com\/index.php\/wp-json\/wp\/v2\/product_tag?post=2859"}],"curies":[{"name":"wp","href":"https:\/\/api.w.org\/{rel}","templated":true}]}}