{"id":2811,"date":"2025-08-12T06:08:28","date_gmt":"2025-08-12T06:08:28","guid":{"rendered":"https:\/\/sumitrix.com\/index.php\/producto\/tarjeta-contactos-multicom-302-j-bus-modbus-rs485\/"},"modified":"2025-08-12T06:08:28","modified_gmt":"2025-08-12T06:08:28","slug":"tarjeta-contactos-multicom-302-j-bus-modbus-rs485","status":"publish","type":"product","link":"https:\/\/sumitrix.com\/index.php\/producto\/tarjeta-contactos-multicom-302-j-bus-modbus-rs485\/","title":{"rendered":"TARJETA CONTACTOS MULTICOM 302 J-BUS\/ModBUS RS485"},"content":{"rendered":"<p><strong>El convertidor de protocolo MultiCom 302<\/strong> permite monitorizar el SAI mediante el protocolo MODBUS\/JBUS en l\u00edneas RS232 o RS485 de serie. Adem\u00e1s, maneja una segunda l\u00ednea de serie RS232 independiente que puede ser utilizada para conectar otros dispositivos como el PLC o un PC en el que se ejecute el software PowerShield3<\/p>\n<p>\u00a0<\/p>\n<p><strong><a href=\"https:\/\/drive.google.com\/file\/d\/1EjkIF2axEmtdjzqfgh3TrXE7Ay7ikYlg\/view\" target=\"_blank\">DESCARGAR FICHA<\/a><\/strong><\/p>\n","protected":false},"excerpt":{"rendered":"<p>El convertidor de protocolo MultiCom 302 permite monitorizar el SAI mediante el protocolo MODBUS\/JBUS en l\u00edneas RS232 o RS485 de serie. Adem\u00e1s, maneja una segunda l\u00ednea de serie RS232 independiente que puede ser utilizada para conectar otros dispositivos como el PLC o un PC en el que se ejecute el software PowerShield3 \u00a0 DESCARGAR FICHA<\/p>\n","protected":false},"featured_media":2810,"comment_status":"open","ping_status":"closed","template":"","meta":[],"product_brand":[],"product_cat":[122],"product_tag":[],"class_list":{"0":"post-2811","1":"product","2":"type-product","3":"status-publish","4":"has-post-thumbnail","6":"product_cat-accesorios","8":"first","9":"instock","10":"shipping-taxable","11":"purchasable","12":"product-type-simple"},"jetpack_sharing_enabled":true,"_links":{"self":[{"href":"https:\/\/sumitrix.com\/index.php\/wp-json\/wp\/v2\/product\/2811","targetHints":{"allow":["GET"]}}],"collection":[{"href":"https:\/\/sumitrix.com\/index.php\/wp-json\/wp\/v2\/product"}],"about":[{"href":"https:\/\/sumitrix.com\/index.php\/wp-json\/wp\/v2\/types\/product"}],"replies":[{"embeddable":true,"href":"https:\/\/sumitrix.com\/index.php\/wp-json\/wp\/v2\/comments?post=2811"}],"wp:featuredmedia":[{"embeddable":true,"href":"https:\/\/sumitrix.com\/index.php\/wp-json\/wp\/v2\/media\/2810"}],"wp:attachment":[{"href":"https:\/\/sumitrix.com\/index.php\/wp-json\/wp\/v2\/media?parent=2811"}],"wp:term":[{"taxonomy":"product_brand","embeddable":true,"href":"https:\/\/sumitrix.com\/index.php\/wp-json\/wp\/v2\/product_brand?post=2811"},{"taxonomy":"product_cat","embeddable":true,"href":"https:\/\/sumitrix.com\/index.php\/wp-json\/wp\/v2\/product_cat?post=2811"},{"taxonomy":"product_tag","embeddable":true,"href":"https:\/\/sumitrix.com\/index.php\/wp-json\/wp\/v2\/product_tag?post=2811"}],"curies":[{"name":"wp","href":"https:\/\/api.w.org\/{rel}","templated":true}]}}