{"id":2793,"date":"2025-08-12T06:08:10","date_gmt":"2025-08-12T06:08:10","guid":{"rendered":"https:\/\/sumitrix.com\/index.php\/producto\/ups-frame25-126kw-4ru-3x25-42-mpw130cbc-5bu-riello\/"},"modified":"2025-08-12T06:08:10","modified_gmt":"2025-08-12T06:08:10","slug":"ups-frame25-126kw-4ru-3x25-42-mpw130cbc-5bu-riello","status":"publish","type":"product","link":"https:\/\/sumitrix.com\/index.php\/producto\/ups-frame25-126kw-4ru-3x25-42-mpw130cbc-5bu-riello\/","title":{"rendered":"UPS FRAME25-126KW 4RU 3&#215;25\/42 MPW130CBC 5BU | RIELLO"},"content":{"rendered":"<p>El\u00a0<strong>UPS MULTI POWER de Riello (MPW y MPX)<\/strong>\u00a0es un UPS trif\u00e1sico, con arquitectura modular, ON LINE Double Conversion, con posibilidad de configuraci\u00f3n redundante.<\/p>\n<p>Proporciona una potencia nominal de 15 a 1176 kW VA y fabrica con componentes especialmente dise\u00f1ados y tecnolog\u00edas sin transformador que ofrecen una eficiencia excepcional de hasta el 96.5% y una alta densidad de potencia en un espacio reducido.<\/p>\n<p>Dise\u00f1ada para garantizar la continuidad y la calidad de la alimentaci\u00f3n, la gama de Multi Power Riello UPS hace que la eficiencia energ\u00e9tica, la modularidad y la flexibilidad de la configuraci\u00f3n del sistema sus puntos fuertes: crece a medida que crece la demanda de la actividad, sin necesidad de ampliar el volumen f\u00edsico del SAI, optimizando tanto la inversi\u00f3n inicial como los costes totales de propiedad.<\/p>\n<p>\u00a0<\/p>\n<p><strong>ESCALABILIDAD<\/strong><br \/> El Multi Power ofrece protecci\u00f3n total, f\u00e1cil de integrar para los centros de procesamiento de datos y las cargas inform\u00e1ticas cr\u00edticas, lo que le permite satisfacer plenamente la demanda cambiante del entorno de red. El usuario final puede aumentar f\u00e1cilmente la potencia, el nivel de redundancia y la autonom\u00eda de la bater\u00eda, con solo a\u00f1adir al SAI el M\u00f3dulo de potencia (PM) y la Unidad de bater\u00edas (BU). Hay tres armarios distintos disponibles para componer el sistema: los armarios de alimentaci\u00f3n (tipo MPW y MPX) y el battery cabinet (BTC). Los armarios de alimentaci\u00f3n pueden alojar m\u00f3dulos de potencia de 15 kW (MPX 15 PM), 25 kW (MPX 25 PM) o 42 kW (MPW 42 PM).<\/p>\n<p>\u00a0<\/p>\n<p><strong>TECNOLOG\u00cdA AVANZADA<\/strong><br \/> Para asegurar los m\u00e1s altos niveles de disponibilidad de alimentaci\u00f3n, el m\u00f3dulo de potencia y los dem\u00e1s sistemas principales del MPW y del MPX se desarrollan con los componentes de alimentaci\u00f3n m\u00e1s avanzados y las tecnolog\u00edas de control m\u00e1s innovadoras. Los componentes principales de alimentaci\u00f3n y los ensambles de los que consta el Multi Power se han dise\u00f1ado y confeccionado espec\u00edficamente en estrecha colaboraci\u00f3n con los respectivos fabricantes. Este trabajo asegura que el Multi Power alcance los m\u00e1s altos niveles de potencia y rendimiento.<\/p>\n<p>\u00a0<\/p>\n<p><strong>COMUNICACI\u00d3N AVANZADA<\/strong><br \/> Los usuarios pueden aprovechar los distintos sistemas de comunicaci\u00f3n desarrollados espec\u00edficamente para operadores y administradores de servicios inform\u00e1ticos e ingenieros de servicio.<br \/> La pantalla t\u00e1ctil LCD de 7\u201d, las slots de comunicaci\u00f3n, las tarjetas de rel\u00e9s junto con los puertos de servicio espec\u00edficos, aseguran la facilidad de configuraci\u00f3n, control y seguimiento del SAI.<\/p>\n<p>\u00a0<\/p>\n<p><strong><a href=\"https:\/\/drive.google.com\/file\/d\/1z-zpJigb7brmWxPCu8gVhDOVmMibJRHJ\/\" target=\"_blank\">FICHA T\u00c9CNICA\u00a0<\/a><\/strong><\/p>\n","protected":false},"excerpt":{"rendered":"<p>El\u00a0UPS MULTI POWER de Riello (MPW y MPX)\u00a0es un UPS trif\u00e1sico, con arquitectura modular, ON LINE Double Conversion, con posibilidad de configuraci\u00f3n redundante. Proporciona una potencia nominal de 15 a 1176 kW VA y fabrica con componentes especialmente dise\u00f1ados y tecnolog\u00edas sin transformador que ofrecen una eficiencia excepcional de hasta el 96.5% y una alta [&hellip;]<\/p>\n","protected":false},"featured_media":2792,"comment_status":"open","ping_status":"closed","template":"","meta":[],"product_brand":[],"product_cat":[121],"product_tag":[],"class_list":{"0":"post-2793","1":"product","2":"type-product","3":"status-publish","4":"has-post-thumbnail","6":"product_cat-ups-online-trifasicos-modular","8":"first","9":"instock","10":"shipping-taxable","11":"purchasable","12":"product-type-simple"},"jetpack_sharing_enabled":true,"_links":{"self":[{"href":"https:\/\/sumitrix.com\/index.php\/wp-json\/wp\/v2\/product\/2793","targetHints":{"allow":["GET"]}}],"collection":[{"href":"https:\/\/sumitrix.com\/index.php\/wp-json\/wp\/v2\/product"}],"about":[{"href":"https:\/\/sumitrix.com\/index.php\/wp-json\/wp\/v2\/types\/product"}],"replies":[{"embeddable":true,"href":"https:\/\/sumitrix.com\/index.php\/wp-json\/wp\/v2\/comments?post=2793"}],"wp:featuredmedia":[{"embeddable":true,"href":"https:\/\/sumitrix.com\/index.php\/wp-json\/wp\/v2\/media\/2792"}],"wp:attachment":[{"href":"https:\/\/sumitrix.com\/index.php\/wp-json\/wp\/v2\/media?parent=2793"}],"wp:term":[{"taxonomy":"product_brand","embeddable":true,"href":"https:\/\/sumitrix.com\/index.php\/wp-json\/wp\/v2\/product_brand?post=2793"},{"taxonomy":"product_cat","embeddable":true,"href":"https:\/\/sumitrix.com\/index.php\/wp-json\/wp\/v2\/product_cat?post=2793"},{"taxonomy":"product_tag","embeddable":true,"href":"https:\/\/sumitrix.com\/index.php\/wp-json\/wp\/v2\/product_tag?post=2793"}],"curies":[{"name":"wp","href":"https:\/\/api.w.org\/{rel}","templated":true}]}}