{"id":2775,"date":"2025-08-12T06:07:51","date_gmt":"2025-08-12T06:07:51","guid":{"rendered":"https:\/\/sumitrix.com\/index.php\/producto\/ups-200kva-380v-3f-mst-riello-1900x850x1050-s-b\/"},"modified":"2025-08-12T06:07:51","modified_gmt":"2025-08-12T06:07:51","slug":"ups-200kva-380v-3f-mst-riello-1900x850x1050-s-b","status":"publish","type":"product","link":"https:\/\/sumitrix.com\/index.php\/producto\/ups-200kva-380v-3f-mst-riello-1900x850x1050-s-b\/","title":{"rendered":"UPS 200KVA 380V 3F MST | RIELLO | 1900x850x1050 S\/B"},"content":{"rendered":"<p><strong>Multi Sentry<\/strong> es una fuente de alimentaci\u00f3n ininterrumpida de \u00faltima generaci\u00f3n, que alcanza el nivel m\u00e1s alto posible de rendimiento de doble conversi\u00f3n ON LINE (VFI-S-111) seg\u00fan se define en la norma IEC EN 62040-3.<\/p>\n<p> El SAI ha sido dise\u00f1ado para proteger los sistemas, redes, servicios y procesos cr\u00edticos de informaci\u00f3n y telecomunicaciones cuyo funcionamiento podr\u00eda verse interrumpido por una mala calidad de la energ\u00eda y\/o interrupciones en su suministro de energ\u00eda principal.<\/p>\n<p> Los tama\u00f1os disponibles incluyen 160-200 kVA, todos con entrada y salida trif\u00e1sica.<br \/> El UPS Multi Sentry es uno de los UPS m\u00e1s eficientes disponibles con un impacto m\u00ednimo en su medio ambiente y fuentes de energ\u00eda.<\/p>\n<p>\u00a0<\/p>\n<p><strong>FUENTE DE IMPACTO CERO<\/strong><\/p>\n<p>\u00a0<\/p>\n<p>Los UPS Multi Sentry son f\u00e1ciles de instalar, especialmente en sitios donde hay una capacidad de energ\u00eda limitada disponible, un generador de reserva y problemas potenciales de compatibilidad de arm\u00f3nicos:<\/p>\n<p>\u00a0<\/p>\n<ul>\n<li>baja distorsi\u00f3n de corriente de entrada: menos del 2,5%;<\/li>\n<li>alto factor de potencia de entrada 0,99;<\/li>\n<li>Funci\u00f3n de entrada de energ\u00eda para lograr la puesta en marcha progresiva del rectificador;<\/li>\n<li>Retraso en la puesta en marcha del retorno de la red el\u00e9ctrica.<\/li>\n<\/ul>\n<p>\u00a0<\/p>\n<p>Multi Sentry tambi\u00e9n desempe\u00f1a el papel de un filtro de alta especificaci\u00f3n, protegiendo sus fuentes de alimentaci\u00f3n (red o generador) de cualquier arm\u00f3nico y potencia reactiva generada por las cargas que est\u00e1 alimentando.<\/p>\n<p>\u00a0<\/p>\n<p><strong>SISTEMA DE CUIDADO DE LA BATER\u00cdA<\/strong><\/p>\n<p>\u00a0<\/p>\n<p>El sistema de cuidado de la bater\u00eda Multi Sentry optimiza el rendimiento de la bater\u00eda, para ayudar a prolongar su vida \u00fatil y garantizar que el UPS pueda proporcionar su tiempo de respaldo completo cuando se solicite en una emergencia.<\/p>\n<p>\u00a0<\/p>\n<p>Recarga de bater\u00eda: Multi Sentry est\u00e1 dise\u00f1ado para funcionar con bater\u00edas de plomo-\u00e1cido VRLA AGM y GEL, incluidos los tipos de ventilaci\u00f3n abierta, adem\u00e1s de Ni-Cd. Las caracter\u00edsticas de administraci\u00f3n espec\u00edficas incluyen:<\/p>\n<p>\u00a0<\/p>\n<ul>\n<li>Recarga de un nivel para cumplir con los requisitos de las bater\u00edas VRLA AGM m\u00e1s comunes;<\/li>\n<li>Recarga de dos niveles de voltaje que cumplen con la caracter\u00edstica IU;<\/li>\n<li>Carga restringida para reducir el consumo de electrolitos y prolongar la vida \u00fatil de las bater\u00edas VRLA.<\/li>\n<\/ul>\n<p>Compensaci\u00f3n de temperatura: para evitar que se aplique un voltaje excesivo a las bater\u00edas en un ambiente<\/p>\n<p>\u00a0<\/p>\n<p>alto Prueba de bater\u00eda: para detectar la degradaci\u00f3n del rendimiento y predecir el fallo de la bater\u00eda.<\/p>\n<p>Protecci\u00f3n contra descargas profundas: para evitar que las bater\u00edas se descarguen por debajo de un nivel del que no se puedan recuperar (especialmente cuando se descargan durante largos per\u00edodos con cargas muy bajas).<\/p>\n<p>Corriente de ondulaci\u00f3n de CA baja: de un cargador de bater\u00eda de alta frecuencia, para garantizar que las bater\u00edas no est\u00e9n sujetas a este elemento da\u00f1ino que se experimenta com\u00fanmente con algunos otros dise\u00f1os de UPS y fuentes de alimentaci\u00f3n.<\/p>\n<p>Amplio rango de voltaje de entrada: desde un rectificador que puede funcionar hasta menos del 40% de su potencia nominal (a media carga), eliminando la necesidad de descargar las bater\u00edas.<\/p>\n<p>\u00a0<\/p>\n<p><strong>FLEXIBILIDAD<\/strong><\/p>\n<p>\u00a0<\/p>\n<p>Multi Sentry se puede utilizar para una amplia gama de aplicaciones, gracias a sus opciones de configuraci\u00f3n, flexibilidad, accesorios y niveles de rendimiento:<\/p>\n<p>\u00a0<\/p>\n<ul>\n<li>adecuado para alimentar cargas capacitivas, por ejemplo, servidores Blade, sin ninguna reducci\u00f3n de la potencia activa, de 0,9 a 0,9 de retraso;<\/li>\n<li>los modos de operaci\u00f3n incluyen: ON LINE, ECO, SMART ACTIVE y STANDBY OFF;<\/li>\n<li>Modo de conversi\u00f3n de frecuencia;<\/li>\n<li>Conexiones Power Share para el deslastre de carga basado en prioridades cuando ha fallado la fuente de alimentaci\u00f3n de red;<\/li>\n<li>instalaci\u00f3n de arranque en fr\u00edo para encender el SAI incluso sin una fuente de alimentaci\u00f3n de red presente;<\/li>\n<li>amplias opciones de tiempo de respaldo utilizando gabinetes de extensi\u00f3n de bater\u00eda;<\/li>\n<li>sensor de temperatura del gabinete de bater\u00eda opcional para ayudar al cargador de compensaci\u00f3n de temperatura;<\/li>\n<li>cargadores de bater\u00eda opcionales para optimizar los tiempos de recarga;<\/li>\n<li>Suministros de doble entrada opcionales;<\/li>\n<li>transformadores de aislamiento opcionales para aislamiento galv\u00e1nico y conectividad neutra.<\/li>\n<\/ul>\n<p>\u00a0<\/p>\n<p><strong>COMUNICACI\u00d3N AVANZADA<\/strong><\/p>\n<p>\u00a0<\/p>\n<p>Multi Sentry tiene una gran pantalla gr\u00e1fica en el panel frontal que proporciona informaci\u00f3n que incluye: mediciones en tiempo real, estado de funcionamiento y condiciones de alarma, en ocho idiomas diferentes<\/p>\n<p>\u00a0<\/p>\n<ul>\n<li>Comunicaci\u00f3n multiplataforma avanzada, para todos los sistemas operativos y entornos de red: software de monitoreo y apagado PowerShield\u00b3 incluido con el agente SNMP;<\/li>\n<li>Compatible con Riello Connect (servicio de monitoreo remoto);<\/li>\n<li>Puerto serie RS232 o USB;<\/li>\n<li>Tres ranuras de comunicaci\u00f3n para accesorios, que incluyen: adaptadores de red y contactos sin voltaje;<\/li>\n<li>REPO (Remote Emergency Power Off) para apagar el SAI de forma remota en caso de emergencia;<\/li>\n<li>Entrada para la conexi\u00f3n de un contacto auxiliar para un bypass manual externo;<\/li>\n<li>Entrada para la sincronizaci\u00f3n con una fuente de alimentaci\u00f3n externa;<\/li>\n<li>Pantalla de panel de imitaci\u00f3n gr\u00e1fica para conexi\u00f3n remota.<\/li>\n<\/ul>\n<p>\u00a0<\/p>\n<p><strong>BAJO COSTE DE GESTI\u00d3N<\/strong><\/p>\n<p>\u00a0<\/p>\n<p>El dise\u00f1o Multi Sentry proporciona niveles excepcionales de rendimiento y eficiencia, dentro de un espacio muy compacto y un dise\u00f1o general de la caja:<\/p>\n<p>\u00a0<\/p>\n<ul>\n<li>Alta eficiencia de hasta el 96%: ahorro de hasta un 35% en energ\u00eda disipada en un a\u00f1o en comparaci\u00f3n con un UPS m\u00e1s tradicional (91%), lo que resulta en un per\u00edodo de recuperaci\u00f3n m\u00e1s r\u00e1pido de cuatro a\u00f1os.<\/li>\n<li>El alto factor de potencia de salida que a 0.9pF (1pF para los modelos de 160-200 kVA) proporciona hasta un 15% (20% para los modelos de 160-200 kVA) m\u00e1s de potencia activa en comparaci\u00f3n con un UPS de tama\u00f1o m\u00e1s tradicional, lo que proporciona un mayor margen de expansi\u00f3n del sistema para mayores aumentos de carga.<\/li>\n<\/ul>\n<p>\u00a0<\/p>\n<p><strong><a href=\"https:\/\/drive.google.com\/file\/d\/1JcdLt040gbu1Ar5epMBKGGcHzEQzNyHC\/\" target=\"_blank\">FICHA T\u00c9CNICA<\/a><\/strong><\/p>\n","protected":false},"excerpt":{"rendered":"<p>Multi Sentry es una fuente de alimentaci\u00f3n ininterrumpida de \u00faltima generaci\u00f3n, que alcanza el nivel m\u00e1s alto posible de rendimiento de doble conversi\u00f3n ON LINE (VFI-S-111) seg\u00fan se define en la norma IEC EN 62040-3. El SAI ha sido dise\u00f1ado para proteger los sistemas, redes, servicios y procesos cr\u00edticos de informaci\u00f3n y telecomunicaciones cuyo funcionamiento [&hellip;]<\/p>\n","protected":false},"featured_media":2774,"comment_status":"open","ping_status":"closed","template":"","meta":[],"product_brand":[],"product_cat":[109],"product_tag":[],"class_list":{"0":"post-2775","1":"product","2":"type-product","3":"status-publish","4":"has-post-thumbnail","6":"product_cat-ups-online-trifasicos","8":"first","9":"instock","10":"shipping-taxable","11":"purchasable","12":"product-type-simple"},"jetpack_sharing_enabled":true,"_links":{"self":[{"href":"https:\/\/sumitrix.com\/index.php\/wp-json\/wp\/v2\/product\/2775","targetHints":{"allow":["GET"]}}],"collection":[{"href":"https:\/\/sumitrix.com\/index.php\/wp-json\/wp\/v2\/product"}],"about":[{"href":"https:\/\/sumitrix.com\/index.php\/wp-json\/wp\/v2\/types\/product"}],"replies":[{"embeddable":true,"href":"https:\/\/sumitrix.com\/index.php\/wp-json\/wp\/v2\/comments?post=2775"}],"wp:featuredmedia":[{"embeddable":true,"href":"https:\/\/sumitrix.com\/index.php\/wp-json\/wp\/v2\/media\/2774"}],"wp:attachment":[{"href":"https:\/\/sumitrix.com\/index.php\/wp-json\/wp\/v2\/media?parent=2775"}],"wp:term":[{"taxonomy":"product_brand","embeddable":true,"href":"https:\/\/sumitrix.com\/index.php\/wp-json\/wp\/v2\/product_brand?post=2775"},{"taxonomy":"product_cat","embeddable":true,"href":"https:\/\/sumitrix.com\/index.php\/wp-json\/wp\/v2\/product_cat?post=2775"},{"taxonomy":"product_tag","embeddable":true,"href":"https:\/\/sumitrix.com\/index.php\/wp-json\/wp\/v2\/product_tag?post=2775"}],"curies":[{"name":"wp","href":"https:\/\/api.w.org\/{rel}","templated":true}]}}