{"id":2711,"date":"2025-08-12T06:06:46","date_gmt":"2025-08-12T06:06:46","guid":{"rendered":"https:\/\/sumitrix.com\/index.php\/producto\/rt-online-m-power-de-1-kva-monofasico-de-2u-f-0-9-inc-2-bat-de-12-v-mod-mp-rt\/"},"modified":"2025-08-12T06:06:46","modified_gmt":"2025-08-12T06:06:46","slug":"rt-online-m-power-de-1-kva-monofasico-de-2u-f-0-9-inc-2-bat-de-12-v-mod-mp-rt","status":"publish","type":"product","link":"https:\/\/sumitrix.com\/index.php\/producto\/rt-online-m-power-de-1-kva-monofasico-de-2u-f-0-9-inc-2-bat-de-12-v-mod-mp-rt\/","title":{"rendered":"RT ONLINE M &#8211; POWER DE 1 KVA MONOFASICO DE 2U F 0.9 | INC 2 BAT DE 12 V | MOD MP RT"},"content":{"rendered":"<p><strong>RT ONLINE M,<\/strong> es un UPS de peque\u00f1a potencia de nueva generaci\u00f3n de KSTAR, tanto la entrada como la salida son monof\u00e1sicas, el factor de salida es 0.9\/1.0 (opcional). La eficiencia de este UPS es muy alta, puede lograr ahorro de energ\u00eda y reducir el costo del cliente como resultado.<\/p>\n<p>\u00a0<\/p>\n<p><strong>Caracter\u00edsticas<\/strong><\/p>\n<p>\u2022 Confiable: Protecci\u00f3n m\u00faltiple: cortocircuito, sobrecarga, sobrecalentamiento, sobrecarga de la bater\u00eda.<br \/>\u2022 Amplio rango de voltaje de entrada: 110~286 VCA <br \/>\u2022 Rendimiento optimizado de la bater\u00eda: Grupo de bater\u00eda: 16\/18\/20 piezas<br \/>\u2022 Ahorro de energ\u00eda: Funcionamiento en modo ECO para ahorrar energ\u00eda<\/p>\n<p>\u00a0<\/p>\n<p><a href=\"https:\/\/drive.google.com\/file\/d\/1XDHUkWEEWZ5InwYDUoo2UHo22C7_KVG3\/view\" target=\"_blank\">DESCARGAR FICHA\u00a0<\/a><\/p>\n","protected":false},"excerpt":{"rendered":"<p>RT ONLINE M, es un UPS de peque\u00f1a potencia de nueva generaci\u00f3n de KSTAR, tanto la entrada como la salida son monof\u00e1sicas, el factor de salida es 0.9\/1.0 (opcional). La eficiencia de este UPS es muy alta, puede lograr ahorro de energ\u00eda y reducir el costo del cliente como resultado. \u00a0 Caracter\u00edsticas \u2022 Confiable: Protecci\u00f3n [&hellip;]<\/p>\n","protected":false},"featured_media":2710,"comment_status":"open","ping_status":"closed","template":"","meta":[],"product_brand":[],"product_cat":[108],"product_tag":[],"class_list":{"0":"post-2711","1":"product","2":"type-product","3":"status-publish","4":"has-post-thumbnail","6":"product_cat-ups-online-monofasicos","8":"first","9":"instock","10":"shipping-taxable","11":"purchasable","12":"product-type-simple"},"jetpack_sharing_enabled":true,"_links":{"self":[{"href":"https:\/\/sumitrix.com\/index.php\/wp-json\/wp\/v2\/product\/2711","targetHints":{"allow":["GET"]}}],"collection":[{"href":"https:\/\/sumitrix.com\/index.php\/wp-json\/wp\/v2\/product"}],"about":[{"href":"https:\/\/sumitrix.com\/index.php\/wp-json\/wp\/v2\/types\/product"}],"replies":[{"embeddable":true,"href":"https:\/\/sumitrix.com\/index.php\/wp-json\/wp\/v2\/comments?post=2711"}],"wp:featuredmedia":[{"embeddable":true,"href":"https:\/\/sumitrix.com\/index.php\/wp-json\/wp\/v2\/media\/2710"}],"wp:attachment":[{"href":"https:\/\/sumitrix.com\/index.php\/wp-json\/wp\/v2\/media?parent=2711"}],"wp:term":[{"taxonomy":"product_brand","embeddable":true,"href":"https:\/\/sumitrix.com\/index.php\/wp-json\/wp\/v2\/product_brand?post=2711"},{"taxonomy":"product_cat","embeddable":true,"href":"https:\/\/sumitrix.com\/index.php\/wp-json\/wp\/v2\/product_cat?post=2711"},{"taxonomy":"product_tag","embeddable":true,"href":"https:\/\/sumitrix.com\/index.php\/wp-json\/wp\/v2\/product_tag?post=2711"}],"curies":[{"name":"wp","href":"https:\/\/api.w.org\/{rel}","templated":true}]}}