{"id":2707,"date":"2025-08-12T06:06:42","date_gmt":"2025-08-12T06:06:42","guid":{"rendered":"https:\/\/sumitrix.com\/index.php\/producto\/tower-online-m-power-de-6-kva-monofasico-f-0-9-inc-20-baterias-de-12v-x-7ah-mod-mp-s\/"},"modified":"2025-08-12T06:06:42","modified_gmt":"2025-08-12T06:06:42","slug":"tower-online-m-power-de-6-kva-monofasico-f-0-9-inc-20-baterias-de-12v-x-7ah-mod-mp-s","status":"publish","type":"product","link":"https:\/\/sumitrix.com\/index.php\/producto\/tower-online-m-power-de-6-kva-monofasico-f-0-9-inc-20-baterias-de-12v-x-7ah-mod-mp-s\/","title":{"rendered":"TOWER ONLINE M-POWER DE 6 KVA MONOFASICO F 0.9 | INC 20 BATERIAS DE 12V X 7AH | MOD MP S"},"content":{"rendered":"<p><strong>M-POWER<\/strong> control digital completo, modo ECO y dise\u00f1o compacto, ofrece alta fiabilidad y ahorro de energ\u00eda. Se puede conectar una bater\u00eda externa opcional para una mayor autonom\u00eda y mantener sus aplicaciones seguras y funcionando sin problemas en todo momento.<\/p>\n<p>\u00a0<\/p>\n<p><strong>Caracter\u00edsticas<\/strong><\/p>\n<p>\u2022 Alta confiabilidad: Doble conversi\u00f3n en l\u00ednea, factor de potencia de entrada 0,99, amplio rango de voltaje (110-286 VCA) y frecuencia.<br \/>\u2022 Configuraci\u00f3n de bater\u00edas flexibles: Configurable 16\/18\/20 uds, gesti\u00f3n optimizada.<br \/>\u2022 Ahorro de energ\u00eda y compatibilidad: Funcionamiento en modo ECO para reducir el consumo energ\u00e9tico.<br \/>\u2022 Protecci\u00f3n integral y conveniencia: Protecci\u00f3n contra sobrecarga, sobrecalentamiento y cortocircuito, refrigeraci\u00f3n inteligente y m\u00faltiples interfaces.<\/p>\n<p>\u00a0<\/p>\n<p><a href=\"https:\/\/drive.google.com\/file\/d\/10ppFVeISjw_M17390N01sRwWNaPb_TKj\/view\" target=\"_blank\">DESCARGAR FICHA\u00a0<\/a><\/p>\n","protected":false},"excerpt":{"rendered":"<p>M-POWER control digital completo, modo ECO y dise\u00f1o compacto, ofrece alta fiabilidad y ahorro de energ\u00eda. Se puede conectar una bater\u00eda externa opcional para una mayor autonom\u00eda y mantener sus aplicaciones seguras y funcionando sin problemas en todo momento. \u00a0 Caracter\u00edsticas \u2022 Alta confiabilidad: Doble conversi\u00f3n en l\u00ednea, factor de potencia de entrada 0,99, amplio [&hellip;]<\/p>\n","protected":false},"featured_media":2706,"comment_status":"open","ping_status":"closed","template":"","meta":[],"product_brand":[],"product_cat":[108],"product_tag":[],"class_list":{"0":"post-2707","1":"product","2":"type-product","3":"status-publish","4":"has-post-thumbnail","6":"product_cat-ups-online-monofasicos","8":"first","9":"instock","10":"shipping-taxable","11":"purchasable","12":"product-type-simple"},"jetpack_sharing_enabled":true,"_links":{"self":[{"href":"https:\/\/sumitrix.com\/index.php\/wp-json\/wp\/v2\/product\/2707","targetHints":{"allow":["GET"]}}],"collection":[{"href":"https:\/\/sumitrix.com\/index.php\/wp-json\/wp\/v2\/product"}],"about":[{"href":"https:\/\/sumitrix.com\/index.php\/wp-json\/wp\/v2\/types\/product"}],"replies":[{"embeddable":true,"href":"https:\/\/sumitrix.com\/index.php\/wp-json\/wp\/v2\/comments?post=2707"}],"wp:featuredmedia":[{"embeddable":true,"href":"https:\/\/sumitrix.com\/index.php\/wp-json\/wp\/v2\/media\/2706"}],"wp:attachment":[{"href":"https:\/\/sumitrix.com\/index.php\/wp-json\/wp\/v2\/media?parent=2707"}],"wp:term":[{"taxonomy":"product_brand","embeddable":true,"href":"https:\/\/sumitrix.com\/index.php\/wp-json\/wp\/v2\/product_brand?post=2707"},{"taxonomy":"product_cat","embeddable":true,"href":"https:\/\/sumitrix.com\/index.php\/wp-json\/wp\/v2\/product_cat?post=2707"},{"taxonomy":"product_tag","embeddable":true,"href":"https:\/\/sumitrix.com\/index.php\/wp-json\/wp\/v2\/product_tag?post=2707"}],"curies":[{"name":"wp","href":"https:\/\/api.w.org\/{rel}","templated":true}]}}