{"id":2699,"date":"2025-08-12T06:06:31","date_gmt":"2025-08-12T06:06:31","guid":{"rendered":"https:\/\/sumitrix.com\/index.php\/producto\/ydc33100-h-100-kva-1-0-pf-3-phases-380-v-kstar\/"},"modified":"2025-08-12T06:06:32","modified_gmt":"2025-08-12T06:06:32","slug":"ydc33100-h-100-kva-1-0-pf-3-phases-380-v-kstar","status":"publish","type":"product","link":"https:\/\/sumitrix.com\/index.php\/producto\/ydc33100-h-100-kva-1-0-pf-3-phases-380-v-kstar\/","title":{"rendered":"YDC33100 H | 100 kva, 1.0 pf. 3 phases, 380 v | KSTAR"},"content":{"rendered":"<p><strong>El SAI de la serie YDC3300<\/strong> es un SAI trif\u00e1sico de alta frecuencia con entrada y salida trif\u00e1sica. Equipado con una topolog\u00eda de inversor de tres niveles, ofrece una alta eficiencia que alcanza el 95,5 %. Con mayor densidad de potencia y un tama\u00f1o compacto, se posiciona como l\u00edder en la industria de SAI con la misma capacidad de potencia<\/p>\n<p>\u00a0<\/p>\n<p><strong>CARACTERISTICAS <\/strong><\/p>\n<ul>\n<li>Doble Conversi\u00f3n Online.<\/li>\n<li>Tecnolog\u00eda PFC.<\/li>\n<li>Procesador de se\u00f1al digital (DSP).<\/li>\n<li>Factor de potencia de salida:1.0.<\/li>\n<li>Operaci\u00f3n ECO MODE para ahorro de energ\u00eda.<\/li>\n<li>Bypass de Mantenimiento.<\/li>\n<li>Amplio rango de voltaje y frecuencia de entrada.<\/li>\n<li>Arranque en fr\u00edo.<\/li>\n<li>Puertos de comunicaci\u00f3n: USB, RS-485, RS-232, Puerto paralelo,<\/li>\n<\/ul>\n<p>LBS, Contactos secos.<\/p>\n<ul>\n<li>Opcional: Tarjeta SNMP y Tarjeta Rel\u00e9.<\/li>\n<li>Gesti\u00f3n de carga inteligente.<\/li>\n<li>Funci\u00f3n EPO: El UPS puede apagarse completamente cuando se presiona el EPO. La funci\u00f3n REPO (EPO remoto) tambi\u00e9n est\u00e1 disponible en esta serie.<\/li>\n<li>Bater\u00edas internas hasta 20 kVA.<\/li>\n<\/ul>\n<p>\u00a0\u00a0 *Las tarjetas de comunicaci\u00f3n son productos opcionales.<\/p>\n<p>\u00a0<\/p>\n<p><strong><a href=\"https:\/\/drive.google.com\/file\/d\/1iAxp1ZX5dbRrBfiEyuk1QSBDspLb5ZTh\/\" target=\"_blank\">FICHA T\u00c9CNICA\u00a0<\/a><\/strong><\/p>\n","protected":false},"excerpt":{"rendered":"<p>El SAI de la serie YDC3300 es un SAI trif\u00e1sico de alta frecuencia con entrada y salida trif\u00e1sica. Equipado con una topolog\u00eda de inversor de tres niveles, ofrece una alta eficiencia que alcanza el 95,5 %. Con mayor densidad de potencia y un tama\u00f1o compacto, se posiciona como l\u00edder en la industria de SAI con [&hellip;]<\/p>\n","protected":false},"featured_media":2698,"comment_status":"open","ping_status":"closed","template":"","meta":[],"product_brand":[],"product_cat":[109],"product_tag":[],"class_list":{"0":"post-2699","1":"product","2":"type-product","3":"status-publish","4":"has-post-thumbnail","6":"product_cat-ups-online-trifasicos","8":"first","9":"instock","10":"shipping-taxable","11":"purchasable","12":"product-type-simple"},"jetpack_sharing_enabled":true,"_links":{"self":[{"href":"https:\/\/sumitrix.com\/index.php\/wp-json\/wp\/v2\/product\/2699","targetHints":{"allow":["GET"]}}],"collection":[{"href":"https:\/\/sumitrix.com\/index.php\/wp-json\/wp\/v2\/product"}],"about":[{"href":"https:\/\/sumitrix.com\/index.php\/wp-json\/wp\/v2\/types\/product"}],"replies":[{"embeddable":true,"href":"https:\/\/sumitrix.com\/index.php\/wp-json\/wp\/v2\/comments?post=2699"}],"wp:featuredmedia":[{"embeddable":true,"href":"https:\/\/sumitrix.com\/index.php\/wp-json\/wp\/v2\/media\/2698"}],"wp:attachment":[{"href":"https:\/\/sumitrix.com\/index.php\/wp-json\/wp\/v2\/media?parent=2699"}],"wp:term":[{"taxonomy":"product_brand","embeddable":true,"href":"https:\/\/sumitrix.com\/index.php\/wp-json\/wp\/v2\/product_brand?post=2699"},{"taxonomy":"product_cat","embeddable":true,"href":"https:\/\/sumitrix.com\/index.php\/wp-json\/wp\/v2\/product_cat?post=2699"},{"taxonomy":"product_tag","embeddable":true,"href":"https:\/\/sumitrix.com\/index.php\/wp-json\/wp\/v2\/product_tag?post=2699"}],"curies":[{"name":"wp","href":"https:\/\/api.w.org\/{rel}","templated":true}]}}