{"id":2677,"date":"2025-08-12T06:06:10","date_gmt":"2025-08-12T06:06:10","guid":{"rendered":"https:\/\/sumitrix.com\/index.php\/producto\/ups-tower-10kva-10kw-trifasico-380vac-c-bateria-40-bat-7ah-ht33010xs-invt-power\/"},"modified":"2025-08-12T06:06:10","modified_gmt":"2025-08-12T06:06:10","slug":"ups-tower-10kva-10kw-trifasico-380vac-c-bateria-40-bat-7ah-ht33010xs-invt-power","status":"publish","type":"product","link":"https:\/\/sumitrix.com\/index.php\/producto\/ups-tower-10kva-10kw-trifasico-380vac-c-bateria-40-bat-7ah-ht33010xs-invt-power\/","title":{"rendered":"UPS TOWER 10KVA\/10KW TRIFASICO 380VAC C\/BATERIA, 40 BAT 7AH | HT33010XS | INVT POWER"},"content":{"rendered":"<p><strong>La serie Tower Online UPS<\/strong> es ideal para entornos de baja carga y se utiliza ampliamente en oficinas, equipos sanitarios y centros comerciales. <strong>Ofrece potencias de 10 kVA, 15 kVA, 20 kVA, 30 kVA y 40 kVA<\/strong>, y admite 8 unidades en paralelo. Los modelos de 20 kVA y 30 kVA tambi\u00e9n se pueden utilizar en plantas industriales, como f\u00e1bricas de cer\u00e1mica, f\u00e1bricas de vidrio y otras industrias de procesamiento.<\/p>\n<p>\u00a0<\/p>\n<p><strong>Caracter\u00edsticas<\/strong><\/p>\n<p>? Alta eficiencia, hasta el 96%<br \/>? Alto factor de potencia de entrada &gt; 0,99; THDi de corriente de entrada &lt; 3 %<br \/>? Protecci\u00f3n m\u00faltiple, como temperatura, sobrecarga, bajo voltaje de bater\u00eda, fallas del ventilador, cortocircuito<br \/>? Cuatro disyuntores que brindan protecci\u00f3n total cuando ocurre una falla en el arranque en fr\u00edo de la bater\u00eda<br \/>? Control DSP completo<br \/>? Gesti\u00f3n de la bater\u00eda: control de carga inteligente, mantenimiento autom\u00e1tico, prolonga enormemente la vida \u00fatil de la bater\u00eda<br \/>? Paralelo hasta 8 unidades<br \/>? Interfaz de operaci\u00f3n amigable, pantalla LCD de alta resoluci\u00f3n<\/p>\n<p>\u00a0<\/p>\n<p><a href=\"https:\/\/drive.google.com\/file\/d\/1xiElVMvYxnF-ShAHyZa1vI3s4UxQpkwn\/view\" target=\"_blank\">DESCARGAR FICHA\u00a0<\/a><\/p>\n","protected":false},"excerpt":{"rendered":"<p>La serie Tower Online UPS es ideal para entornos de baja carga y se utiliza ampliamente en oficinas, equipos sanitarios y centros comerciales. Ofrece potencias de 10 kVA, 15 kVA, 20 kVA, 30 kVA y 40 kVA, y admite 8 unidades en paralelo. Los modelos de 20 kVA y 30 kVA tambi\u00e9n se pueden utilizar [&hellip;]<\/p>\n","protected":false},"featured_media":2676,"comment_status":"open","ping_status":"closed","template":"","meta":[],"product_brand":[],"product_cat":[109],"product_tag":[],"class_list":{"0":"post-2677","1":"product","2":"type-product","3":"status-publish","4":"has-post-thumbnail","6":"product_cat-ups-online-trifasicos","8":"first","9":"instock","10":"shipping-taxable","11":"purchasable","12":"product-type-simple"},"jetpack_sharing_enabled":true,"_links":{"self":[{"href":"https:\/\/sumitrix.com\/index.php\/wp-json\/wp\/v2\/product\/2677","targetHints":{"allow":["GET"]}}],"collection":[{"href":"https:\/\/sumitrix.com\/index.php\/wp-json\/wp\/v2\/product"}],"about":[{"href":"https:\/\/sumitrix.com\/index.php\/wp-json\/wp\/v2\/types\/product"}],"replies":[{"embeddable":true,"href":"https:\/\/sumitrix.com\/index.php\/wp-json\/wp\/v2\/comments?post=2677"}],"wp:featuredmedia":[{"embeddable":true,"href":"https:\/\/sumitrix.com\/index.php\/wp-json\/wp\/v2\/media\/2676"}],"wp:attachment":[{"href":"https:\/\/sumitrix.com\/index.php\/wp-json\/wp\/v2\/media?parent=2677"}],"wp:term":[{"taxonomy":"product_brand","embeddable":true,"href":"https:\/\/sumitrix.com\/index.php\/wp-json\/wp\/v2\/product_brand?post=2677"},{"taxonomy":"product_cat","embeddable":true,"href":"https:\/\/sumitrix.com\/index.php\/wp-json\/wp\/v2\/product_cat?post=2677"},{"taxonomy":"product_tag","embeddable":true,"href":"https:\/\/sumitrix.com\/index.php\/wp-json\/wp\/v2\/product_tag?post=2677"}],"curies":[{"name":"wp","href":"https:\/\/api.w.org\/{rel}","templated":true}]}}