{"id":2669,"date":"2025-08-12T06:06:07","date_gmt":"2025-08-12T06:06:07","guid":{"rendered":"https:\/\/sumitrix.com\/index.php\/producto\/ups-rack-10kva-10kw-trifasico-380vac-sin-bateria-hr33010cl-invt-power\/"},"modified":"2025-08-12T06:06:07","modified_gmt":"2025-08-12T06:06:07","slug":"ups-rack-10kva-10kw-trifasico-380vac-sin-bateria-hr33010cl-invt-power","status":"publish","type":"product","link":"https:\/\/sumitrix.com\/index.php\/producto\/ups-rack-10kva-10kw-trifasico-380vac-sin-bateria-hr33010cl-invt-power\/","title":{"rendered":"UPS RACK 10KVA\/10KW TRIFASICO 380VAC SIN BATERIA | HR33010CL | INVT POWER"},"content":{"rendered":"<p><strong>La serie Rack Online UPS<\/strong> es la opci\u00f3n ideal para centros de datos modernos. Ofrece potencias de 10 kVA, 15 kVA, 20 kVA y 25 kVA. Es un UPS online de doble conversi\u00f3n con tecnolog\u00eda totalmente controlada por DSP y se puede configurar con relaciones 3:3 y 3:1 de forma flexible.<\/p>\n<p><strong>Dise\u00f1o de rack<\/strong><br \/>? Dise\u00f1o de rack, compatible con gabinete de rack est\u00e1ndar de 19\u201d, conveniente para integrar con servidores<\/p>\n<p><strong>Interfaz amigable<\/strong><br \/>? LCD a color t\u00e1ctil de 5,5\u201d con pantalla gr\u00e1fica, muestra m\u00e1s informaci\u00f3n y es m\u00e1s f\u00e1cil de operar para el cliente<\/p>\n<p><strong>Configuraci\u00f3n flexible<\/strong><br \/>? El sistema se puede configurar en 3\/3 y 3\/1<\/p>\n<p><strong>Gesti\u00f3n de carga inteligente<\/strong><br \/>? El sistema inteligentemente<\/p>\n<p><a href=\"https:\/\/drive.google.com\/file\/d\/1FC814Z2ZKgYN-2eQAjYppX6bic34P6xM\/view\" target=\"_blank\">DESCARGAR FICHA\u00a0<\/a><\/p>\n","protected":false},"excerpt":{"rendered":"<p>La serie Rack Online UPS es la opci\u00f3n ideal para centros de datos modernos. Ofrece potencias de 10 kVA, 15 kVA, 20 kVA y 25 kVA. Es un UPS online de doble conversi\u00f3n con tecnolog\u00eda totalmente controlada por DSP y se puede configurar con relaciones 3:3 y 3:1 de forma flexible. Dise\u00f1o de rack? Dise\u00f1o [&hellip;]<\/p>\n","protected":false},"featured_media":2668,"comment_status":"open","ping_status":"closed","template":"","meta":[],"product_brand":[],"product_cat":[109],"product_tag":[],"class_list":{"0":"post-2669","1":"product","2":"type-product","3":"status-publish","4":"has-post-thumbnail","6":"product_cat-ups-online-trifasicos","8":"first","9":"instock","10":"shipping-taxable","11":"purchasable","12":"product-type-simple"},"jetpack_sharing_enabled":true,"_links":{"self":[{"href":"https:\/\/sumitrix.com\/index.php\/wp-json\/wp\/v2\/product\/2669","targetHints":{"allow":["GET"]}}],"collection":[{"href":"https:\/\/sumitrix.com\/index.php\/wp-json\/wp\/v2\/product"}],"about":[{"href":"https:\/\/sumitrix.com\/index.php\/wp-json\/wp\/v2\/types\/product"}],"replies":[{"embeddable":true,"href":"https:\/\/sumitrix.com\/index.php\/wp-json\/wp\/v2\/comments?post=2669"}],"wp:featuredmedia":[{"embeddable":true,"href":"https:\/\/sumitrix.com\/index.php\/wp-json\/wp\/v2\/media\/2668"}],"wp:attachment":[{"href":"https:\/\/sumitrix.com\/index.php\/wp-json\/wp\/v2\/media?parent=2669"}],"wp:term":[{"taxonomy":"product_brand","embeddable":true,"href":"https:\/\/sumitrix.com\/index.php\/wp-json\/wp\/v2\/product_brand?post=2669"},{"taxonomy":"product_cat","embeddable":true,"href":"https:\/\/sumitrix.com\/index.php\/wp-json\/wp\/v2\/product_cat?post=2669"},{"taxonomy":"product_tag","embeddable":true,"href":"https:\/\/sumitrix.com\/index.php\/wp-json\/wp\/v2\/product_tag?post=2669"}],"curies":[{"name":"wp","href":"https:\/\/api.w.org\/{rel}","templated":true}]}}