{"id":2667,"date":"2025-08-12T06:06:06","date_gmt":"2025-08-12T06:06:06","guid":{"rendered":"https:\/\/sumitrix.com\/index.php\/producto\/ups-rack-torre-10kva-10kw-monofasico-220vac-c-bateria-interna-hr1110xs-invt-power\/"},"modified":"2025-08-12T06:06:06","modified_gmt":"2025-08-12T06:06:06","slug":"ups-rack-torre-10kva-10kw-monofasico-220vac-c-bateria-interna-hr1110xs-invt-power","status":"publish","type":"product","link":"https:\/\/sumitrix.com\/index.php\/producto\/ups-rack-torre-10kva-10kw-monofasico-220vac-c-bateria-interna-hr1110xs-invt-power\/","title":{"rendered":"UPS RACK\/TORRE 10KVA\/10KW MONOFASICO 220VAC, C\/BATERIA INTERNA | HR1110XS | INVT POWER"},"content":{"rendered":"<p><strong>El SAI en l\u00ednea para rack<\/strong> es la opci\u00f3n ideal para centros de datos peque\u00f1os. Incorpora bater\u00eda integrada. <strong>Los SAI para rack de 6 kVA y 10 kVA<\/strong> de esta serie utilizan la tecnolog\u00eda avanzada de 3 niveles, compatible con cargas complejas. La serie est\u00e1 disponible en versiones de 1 kVA, 2 kVA, 3 kVA, 6 kVA y 10 kVA.<\/p>\n<p>\u00a0<\/p>\n<p><strong>Caracter\u00edsticas comunes para 1-10 kVA:<\/strong><br \/>? Amplio rango de voltaje de entrada mientras PF de entrada &gt; 99%<br \/>? Gabinete est\u00e1ndar de 19\u201d y gabinete de bater\u00eda<br \/>? Protecci\u00f3n total contra sobretensi\u00f3n, cortocircuito y sobretemperatura.<br \/>? Pantalla LCD\/LED, que monitorea todo el estado de operaci\u00f3n<br \/>? Ajuste autom\u00e1tico de la velocidad del ventilador<br \/>? Amplia interfaz: RS232, USB, SNMP, tarjeta inteligente<\/p>\n<p>\u00a0<\/p>\n<p><strong>Caracter\u00edsticas \u00fanicas para 6-10 kVA:<\/strong><br \/>? Alta eficiencia, hasta el 95%<br \/>? kVA=kW, potencia de salida PF=1<br \/>? Gesti\u00f3n de carga inteligente, que mejora eficazmente la vida \u00fatil de la bater\u00eda.<br \/>? 3 niveles de tecnolog\u00eda, compatible con cargas complicadas<\/p>\n<p>\u00a0<\/p>\n<p><a href=\"https:\/\/drive.google.com\/file\/d\/1-b1MS1KlKwT-ClaQ4dYWiq1Rk2cW_2oj\/view\" target=\"_blank\">DESCARGAR FICHA\u00a0<\/a><\/p>\n","protected":false},"excerpt":{"rendered":"<p>El SAI en l\u00ednea para rack es la opci\u00f3n ideal para centros de datos peque\u00f1os. Incorpora bater\u00eda integrada. Los SAI para rack de 6 kVA y 10 kVA de esta serie utilizan la tecnolog\u00eda avanzada de 3 niveles, compatible con cargas complejas. La serie est\u00e1 disponible en versiones de 1 kVA, 2 kVA, 3 kVA, [&hellip;]<\/p>\n","protected":false},"featured_media":2666,"comment_status":"open","ping_status":"closed","template":"","meta":[],"product_brand":[],"product_cat":[108],"product_tag":[],"class_list":{"0":"post-2667","1":"product","2":"type-product","3":"status-publish","4":"has-post-thumbnail","6":"product_cat-ups-online-monofasicos","8":"first","9":"instock","10":"shipping-taxable","11":"purchasable","12":"product-type-simple"},"jetpack_sharing_enabled":true,"_links":{"self":[{"href":"https:\/\/sumitrix.com\/index.php\/wp-json\/wp\/v2\/product\/2667","targetHints":{"allow":["GET"]}}],"collection":[{"href":"https:\/\/sumitrix.com\/index.php\/wp-json\/wp\/v2\/product"}],"about":[{"href":"https:\/\/sumitrix.com\/index.php\/wp-json\/wp\/v2\/types\/product"}],"replies":[{"embeddable":true,"href":"https:\/\/sumitrix.com\/index.php\/wp-json\/wp\/v2\/comments?post=2667"}],"wp:featuredmedia":[{"embeddable":true,"href":"https:\/\/sumitrix.com\/index.php\/wp-json\/wp\/v2\/media\/2666"}],"wp:attachment":[{"href":"https:\/\/sumitrix.com\/index.php\/wp-json\/wp\/v2\/media?parent=2667"}],"wp:term":[{"taxonomy":"product_brand","embeddable":true,"href":"https:\/\/sumitrix.com\/index.php\/wp-json\/wp\/v2\/product_brand?post=2667"},{"taxonomy":"product_cat","embeddable":true,"href":"https:\/\/sumitrix.com\/index.php\/wp-json\/wp\/v2\/product_cat?post=2667"},{"taxonomy":"product_tag","embeddable":true,"href":"https:\/\/sumitrix.com\/index.php\/wp-json\/wp\/v2\/product_tag?post=2667"}],"curies":[{"name":"wp","href":"https:\/\/api.w.org\/{rel}","templated":true}]}}