{"id":2604,"date":"2025-08-12T06:04:55","date_gmt":"2025-08-12T06:04:55","guid":{"rendered":"https:\/\/sumitrix.com\/index.php\/producto\/16a-multi-socket-pdu-riello\/"},"modified":"2025-08-12T06:04:58","modified_gmt":"2025-08-12T06:04:58","slug":"16a-multi-socket-pdu-riello","status":"publish","type":"product","link":"https:\/\/sumitrix.com\/index.php\/producto\/16a-multi-socket-pdu-riello\/","title":{"rendered":"16A &#8211; Multi Socket PDU \u2013 RIELLO"},"content":{"rendered":"<p>El Multi Socket PDU (MDU) Riello para SAI est\u00e1 dise\u00f1ado para distribuir energ\u00eda en CA de una \u00fanica fuente a 8 salidas con un sistema avanzado de seguimiento de cargas y un control de conmutaci\u00f3n ON\/OFF local o remoto para cada una de las salidas.<br \/>\nEl Multi Socket PDU Riello para SAI ofrece la mejor distribuci\u00f3n de energ\u00eda de su categor\u00eda, y permite a los data centres y a todos aquellos que trabajan en el campo de la tecnolog\u00eda de la informaci\u00f3n seguir y gestionar de forma eficaz los entornos de los racks.<br \/>\nLa pantalla LCD permite ver el estado de cada una de las salidas (ON\/OFF), la tensi\u00f3n y la corriente de entrada, la corriente en cada salida y todos los c\u00f3digos de alarma presentes.<br \/>\nEn la parte superior de la pantalla hay ocho iconos que representan el estado de las ocho salidas: si el icono est\u00e1 encendido, querr\u00e1 decir que la correspondiente salida est\u00e1 recibiendo alimentaci\u00f3n; si est\u00e1 apagado, la salida no est\u00e1 recibiendo alimentaci\u00f3n; si el icono parpadea, la salida est\u00e1 en sobrecarga.<\/p>\n","protected":false},"excerpt":{"rendered":"<p>El Multi Socket PDU (MDU) Riello para SAI est\u00e1 dise\u00f1ado para distribuir energ\u00eda en CA de una \u00fanica fuente a 8 salidas con un sistema avanzado de seguimiento de cargas y un control de conmutaci\u00f3n ON\/OFF local o remoto para cada una de las salidas. El Multi Socket PDU Riello para SAI ofrece la mejor [&hellip;]<\/p>\n","protected":false},"featured_media":2603,"comment_status":"open","ping_status":"closed","template":"","meta":[],"product_brand":[],"product_cat":[118],"product_tag":[],"class_list":{"0":"post-2604","1":"product","2":"type-product","3":"status-publish","4":"has-post-thumbnail","6":"product_cat-bypass-manual","8":"first","9":"instock","10":"shipping-taxable","11":"purchasable","12":"product-type-simple"},"jetpack_sharing_enabled":true,"_links":{"self":[{"href":"https:\/\/sumitrix.com\/index.php\/wp-json\/wp\/v2\/product\/2604","targetHints":{"allow":["GET"]}}],"collection":[{"href":"https:\/\/sumitrix.com\/index.php\/wp-json\/wp\/v2\/product"}],"about":[{"href":"https:\/\/sumitrix.com\/index.php\/wp-json\/wp\/v2\/types\/product"}],"replies":[{"embeddable":true,"href":"https:\/\/sumitrix.com\/index.php\/wp-json\/wp\/v2\/comments?post=2604"}],"wp:featuredmedia":[{"embeddable":true,"href":"https:\/\/sumitrix.com\/index.php\/wp-json\/wp\/v2\/media\/2603"}],"wp:attachment":[{"href":"https:\/\/sumitrix.com\/index.php\/wp-json\/wp\/v2\/media?parent=2604"}],"wp:term":[{"taxonomy":"product_brand","embeddable":true,"href":"https:\/\/sumitrix.com\/index.php\/wp-json\/wp\/v2\/product_brand?post=2604"},{"taxonomy":"product_cat","embeddable":true,"href":"https:\/\/sumitrix.com\/index.php\/wp-json\/wp\/v2\/product_cat?post=2604"},{"taxonomy":"product_tag","embeddable":true,"href":"https:\/\/sumitrix.com\/index.php\/wp-json\/wp\/v2\/product_tag?post=2604"}],"curies":[{"name":"wp","href":"https:\/\/api.w.org\/{rel}","templated":true}]}}