{"id":2381,"date":"2025-08-12T05:57:38","date_gmt":"2025-08-12T05:57:38","guid":{"rendered":"https:\/\/sumitrix.com\/index.php\/producto\/ups-online-1-10kva-mr-us-marsriva\/"},"modified":"2025-08-12T05:57:43","modified_gmt":"2025-08-12T05:57:43","slug":"ups-online-1-10kva-mr-us-marsriva","status":"publish","type":"product","link":"https:\/\/sumitrix.com\/index.php\/producto\/ups-online-1-10kva-mr-us-marsriva\/","title":{"rendered":"UPS Online | 1 &#8211; 10KVA &#8211; MR-US \u2013 MARSRIVA"},"content":{"rendered":"<p>UPS Inteligente Online doble conversi\u00f3n de alta frecuencia con control DSP Suministre energ\u00eda MR-US 1 \u2013 10KVA. Suministre energ\u00eda de la red p\u00fablica a las cargas conectadas en caso de una sobrecarga o falla de energ\u00eda del UPS.<\/p>\n","protected":false},"excerpt":{"rendered":"<p>UPS Inteligente Online doble conversi\u00f3n de alta frecuencia con control DSP Suministre energ\u00eda MR-US 1 \u2013 10KVA. Suministre energ\u00eda de la red p\u00fablica a las cargas conectadas en caso de una sobrecarga o falla de energ\u00eda del UPS.<\/p>\n","protected":false},"featured_media":2380,"comment_status":"open","ping_status":"closed","template":"","meta":[],"product_brand":[],"product_cat":[108],"product_tag":[],"class_list":{"0":"post-2381","1":"product","2":"type-product","3":"status-publish","4":"has-post-thumbnail","6":"product_cat-ups-online-monofasicos","8":"first","9":"instock","10":"shipping-taxable","11":"purchasable","12":"product-type-simple"},"jetpack_sharing_enabled":true,"_links":{"self":[{"href":"https:\/\/sumitrix.com\/index.php\/wp-json\/wp\/v2\/product\/2381","targetHints":{"allow":["GET"]}}],"collection":[{"href":"https:\/\/sumitrix.com\/index.php\/wp-json\/wp\/v2\/product"}],"about":[{"href":"https:\/\/sumitrix.com\/index.php\/wp-json\/wp\/v2\/types\/product"}],"replies":[{"embeddable":true,"href":"https:\/\/sumitrix.com\/index.php\/wp-json\/wp\/v2\/comments?post=2381"}],"wp:featuredmedia":[{"embeddable":true,"href":"https:\/\/sumitrix.com\/index.php\/wp-json\/wp\/v2\/media\/2380"}],"wp:attachment":[{"href":"https:\/\/sumitrix.com\/index.php\/wp-json\/wp\/v2\/media?parent=2381"}],"wp:term":[{"taxonomy":"product_brand","embeddable":true,"href":"https:\/\/sumitrix.com\/index.php\/wp-json\/wp\/v2\/product_brand?post=2381"},{"taxonomy":"product_cat","embeddable":true,"href":"https:\/\/sumitrix.com\/index.php\/wp-json\/wp\/v2\/product_cat?post=2381"},{"taxonomy":"product_tag","embeddable":true,"href":"https:\/\/sumitrix.com\/index.php\/wp-json\/wp\/v2\/product_tag?post=2381"}],"curies":[{"name":"wp","href":"https:\/\/api.w.org\/{rel}","templated":true}]}}