{"id":2333,"date":"2025-08-12T05:56:45","date_gmt":"2025-08-12T05:56:45","guid":{"rendered":"https:\/\/sumitrix.com\/index.php\/producto\/ups-online-6kva-gxt5-vertiv\/"},"modified":"2025-08-12T05:56:50","modified_gmt":"2025-08-12T05:56:50","slug":"ups-online-6kva-gxt5-vertiv","status":"publish","type":"product","link":"https:\/\/sumitrix.com\/index.php\/producto\/ups-online-6kva-gxt5-vertiv\/","title":{"rendered":"UPS Online | 6KVA &#8211; GXT5 \u2013 VERTIV"},"content":{"rendered":"<p>El UPS Vertiv Liebert\u00ae GXT5 es una soluci\u00f3n de UPS de doble conversi\u00f3n en l\u00ednea que ofrece una protecci\u00f3n superior contra cortes el\u00e9ctricos y un acondicionamiento sistema compacto y de implementaci\u00f3n flexible.<\/p>\n<p>El Liebert\u00ae GXT5 es un UPS monof\u00e1sico que opera a una alta eficiencia energ\u00e9tica, lo cual hace que sea ideal para proteger la infraestructura cr\u00edtica tanto en las aplicaciones centralizadas como en el borde de la red. Los tiempos de operaci\u00f3n escalables con los gabinetes externos de bater\u00edas correspondientes ofrecen flexibilidad adicional cuando se requiere un suministro ininterrumpido prolongado. La pantalla LCD con interfaz f\u00e1cil de usar y capacidad total de gesti\u00f3n de la red, con configuraci\u00f3n y actualizaciones remotas, hace que este sistema sea f\u00e1cil de implementar y mantener.<\/p>\n<p>El Liebert\u00ae GXT5 satisfar\u00e1 sus necesidades de aplicaciones cr\u00edticas gracias a su eficiencia l\u00edder en el mercado y a la operaci\u00f3n del factor de potencia unitario. Podr\u00e1 sentirse tranquilo de que su negocio estar\u00e1 protegido por los productos superiores de Vertiv.<\/p>\n","protected":false},"excerpt":{"rendered":"<p>El UPS Vertiv Liebert\u00ae GXT5 es una soluci\u00f3n de UPS de doble conversi\u00f3n en l\u00ednea que ofrece una protecci\u00f3n superior contra cortes el\u00e9ctricos y un acondicionamiento sistema compacto y de implementaci\u00f3n flexible. El Liebert\u00ae GXT5 es un UPS monof\u00e1sico que opera a una alta eficiencia energ\u00e9tica, lo cual hace que sea ideal para proteger la [&hellip;]<\/p>\n","protected":false},"featured_media":2332,"comment_status":"open","ping_status":"closed","template":"","meta":[],"product_brand":[],"product_cat":[108],"product_tag":[],"class_list":{"0":"post-2333","1":"product","2":"type-product","3":"status-publish","4":"has-post-thumbnail","6":"product_cat-ups-online-monofasicos","8":"first","9":"instock","10":"shipping-taxable","11":"purchasable","12":"product-type-simple"},"jetpack_sharing_enabled":true,"_links":{"self":[{"href":"https:\/\/sumitrix.com\/index.php\/wp-json\/wp\/v2\/product\/2333","targetHints":{"allow":["GET"]}}],"collection":[{"href":"https:\/\/sumitrix.com\/index.php\/wp-json\/wp\/v2\/product"}],"about":[{"href":"https:\/\/sumitrix.com\/index.php\/wp-json\/wp\/v2\/types\/product"}],"replies":[{"embeddable":true,"href":"https:\/\/sumitrix.com\/index.php\/wp-json\/wp\/v2\/comments?post=2333"}],"wp:featuredmedia":[{"embeddable":true,"href":"https:\/\/sumitrix.com\/index.php\/wp-json\/wp\/v2\/media\/2332"}],"wp:attachment":[{"href":"https:\/\/sumitrix.com\/index.php\/wp-json\/wp\/v2\/media?parent=2333"}],"wp:term":[{"taxonomy":"product_brand","embeddable":true,"href":"https:\/\/sumitrix.com\/index.php\/wp-json\/wp\/v2\/product_brand?post=2333"},{"taxonomy":"product_cat","embeddable":true,"href":"https:\/\/sumitrix.com\/index.php\/wp-json\/wp\/v2\/product_cat?post=2333"},{"taxonomy":"product_tag","embeddable":true,"href":"https:\/\/sumitrix.com\/index.php\/wp-json\/wp\/v2\/product_tag?post=2333"}],"curies":[{"name":"wp","href":"https:\/\/api.w.org\/{rel}","templated":true}]}}